{"id":79,"date":"2016-12-29T09:38:55","date_gmt":"2016-12-29T09:38:55","guid":{"rendered":"http:\/\/themes.webmasterdriver.net\/carforyouwp\/?page_id=79"},"modified":"2024-01-25T16:14:44","modified_gmt":"2024-01-25T15:14:44","slug":"services","status":"publish","type":"page","link":"https:\/\/auto-imp.fr\/zh\/services\/","title":{"rendered":"\u76f8\u5173\u670d\u52a1"},"content":{"rendered":"<div data-elementor-type=\"wp-page\" data-elementor-id=\"79\" class=\"elementor elementor-79\" data-elementor-settings=\"{&quot;ha_cmc_init_switcher&quot;:&quot;no&quot;}\">\n\t\t\t\t\t\t<section class=\"elementor-section elementor-top-section elementor-element elementor-element-888f2ef elementor-section-full_width elementor-section-stretched section-padding elementor-section-height-default elementor-section-height-default\" data-id=\"888f2ef\" data-element_type=\"section\" data-e-type=\"section\" id=\"OurServices\" data-settings=\"{&quot;stretch_section&quot;:&quot;section-stretched&quot;,&quot;_ha_eqh_enable&quot;:false}\">\n\t\t\t\t\t\t<div class=\"elementor-container elementor-column-gap-default\">\n\t\t\t\t\t<div class=\"elementor-column elementor-col-100 elementor-top-column elementor-element elementor-element-e8dea98\" data-id=\"e8dea98\" data-element_type=\"column\" data-e-type=\"column\">\n\t\t\t<div class=\"elementor-widget-wrap elementor-element-populated\">\n\t\t\t\t\t\t<div class=\"elementor-element elementor-element-a984864 elementor-widget elementor-widget-text-editor\" data-id=\"a984864\" data-element_type=\"widget\" data-e-type=\"widget\" data-widget_type=\"text-editor.default\">\n\t\t\t\t<div class=\"elementor-widget-container\">\n\t\t\t\t\t\t\t\t\t<h2 style=\"text-align: center;\">\u534e\u80fd\u8f66\u884c&nbsp;<span style=\"color: #111;\"><span style=\"color: #111111;\">\u76f8\u5173\u670d\u52a1<\/span>s<\/span><\/h2>\t\t\t\t\t\t\t\t<\/div>\n\t\t\t\t<\/div>\n\t\t\t\t<div class=\"elementor-element elementor-element-320e084 elementor-widget elementor-widget-text-editor\" data-id=\"320e084\" data-element_type=\"widget\" data-e-type=\"widget\" data-widget_type=\"text-editor.default\">\n\t\t\t\t<div class=\"elementor-widget-container\">\n\t\t\t\t\t\t\t\t\t<p style=\"text-align: center;\">\u6211\u4eec\u5728\u4e0e\u8f66\u8f86\u9500\u552e\u76f8\u5173\u7684\u8bb8\u591a\u9886\u57df\u5f00\u5c55\u4e1a\u52a1\uff1a<\/p>\t\t\t\t\t\t\t\t<\/div>\n\t\t\t\t<\/div>\n\t\t\t\t<section class=\"elementor-section elementor-inner-section elementor-element elementor-element-ffaa973 section-header elementor-section-boxed elementor-section-height-default elementor-section-height-default\" data-id=\"ffaa973\" data-element_type=\"section\" data-e-type=\"section\" data-settings=\"{&quot;_ha_eqh_enable&quot;:false}\">\n\t\t\t\t\t\t<div class=\"elementor-container elementor-column-gap-default\">\n\t\t\t\t\t<div class=\"elementor-column elementor-col-25 elementor-inner-column elementor-element elementor-element-3e88465\" data-id=\"3e88465\" data-element_type=\"column\" data-e-type=\"column\">\n\t\t\t<div class=\"elementor-widget-wrap elementor-element-populated\">\n\t\t\t\t\t\t<div class=\"elementor-element elementor-element-fa489a0 elementor-position-top elementor-widget elementor-widget-image-box\" data-id=\"fa489a0\" data-element_type=\"widget\" data-e-type=\"widget\" data-widget_type=\"image-box.default\">\n\t\t\t\t<div class=\"elementor-widget-container\">\n\t\t\t\t\t<div class=\"elementor-image-box-wrapper\"><figure class=\"elementor-image-box-img\"><img data-opt-id=524245649  fetchpriority=\"high\" decoding=\"async\" width=\"640\" height=\"427\" src=\"https:\/\/mlds21jzpupe.i.optimole.com\/cb:_1i3.33fc0\/w:auto\/h:auto\/q:mauto\/f:best\/https:\/\/auto-imp.fr\/wp-content\/uploads\/2024\/01\/pexels-tom-fisk-5962563.jpg\" class=\"attachment-full size-full wp-image-29446\" alt=\"\" srcset=\"https:\/\/mlds21jzpupe.i.optimole.com\/cb:_1i3.33fc0\/w:640\/h:427\/q:mauto\/f:best\/https:\/\/auto-imp.fr\/wp-content\/uploads\/2024\/01\/pexels-tom-fisk-5962563.jpg 640w, https:\/\/mlds21jzpupe.i.optimole.com\/cb:_1i3.33fc0\/w:300\/h:200\/q:mauto\/f:best\/https:\/\/auto-imp.fr\/wp-content\/uploads\/2024\/01\/pexels-tom-fisk-5962563.jpg 300w, https:\/\/mlds21jzpupe.i.optimole.com\/cb:_1i3.33fc0\/w:18\/h:12\/q:mauto\/f:best\/dpr:2\/https:\/\/auto-imp.fr\/wp-content\/uploads\/2024\/01\/pexels-tom-fisk-5962563.jpg 18w\" sizes=\"(max-width: 640px) 100vw, 640px\" \/><\/figure><div class=\"elementor-image-box-content\"><h2 class=\"elementor-image-box-title\">\u6c7d\u8f66\u51fa\u552e<\/h2><\/div><\/div>\t\t\t\t<\/div>\n\t\t\t\t<\/div>\n\t\t\t\t\t<\/div>\n\t\t<\/div>\n\t\t\t\t<div class=\"elementor-column elementor-col-25 elementor-inner-column elementor-element elementor-element-7716988\" data-id=\"7716988\" data-element_type=\"column\" data-e-type=\"column\">\n\t\t\t<div class=\"elementor-widget-wrap elementor-element-populated\">\n\t\t\t\t\t\t<div class=\"elementor-element elementor-element-6ef7279 elementor-position-top elementor-widget elementor-widget-image-box\" data-id=\"6ef7279\" data-element_type=\"widget\" data-e-type=\"widget\" data-widget_type=\"image-box.default\">\n\t\t\t\t<div class=\"elementor-widget-container\">\n\t\t\t\t\t<div class=\"elementor-image-box-wrapper\"><figure class=\"elementor-image-box-img\"><img data-opt-id=2055493210  fetchpriority=\"high\" decoding=\"async\" width=\"640\" height=\"427\" src=\"https:\/\/mlds21jzpupe.i.optimole.com\/cb:_1i3.33fc0\/w:auto\/h:auto\/q:mauto\/f:best\/https:\/\/auto-imp.fr\/wp-content\/uploads\/2024\/01\/pexels-cottonbro-studio-3943716.jpg\" class=\"attachment-full size-full wp-image-29452\" alt=\"\" srcset=\"https:\/\/mlds21jzpupe.i.optimole.com\/cb:_1i3.33fc0\/w:640\/h:427\/q:mauto\/f:best\/https:\/\/auto-imp.fr\/wp-content\/uploads\/2024\/01\/pexels-cottonbro-studio-3943716.jpg 640w, https:\/\/mlds21jzpupe.i.optimole.com\/cb:_1i3.33fc0\/w:300\/h:200\/q:mauto\/f:best\/https:\/\/auto-imp.fr\/wp-content\/uploads\/2024\/01\/pexels-cottonbro-studio-3943716.jpg 300w, https:\/\/mlds21jzpupe.i.optimole.com\/cb:_1i3.33fc0\/w:18\/h:12\/q:mauto\/f:best\/dpr:2\/https:\/\/auto-imp.fr\/wp-content\/uploads\/2024\/01\/pexels-cottonbro-studio-3943716.jpg 18w\" sizes=\"(max-width: 640px) 100vw, 640px\" \/><\/figure><div class=\"elementor-image-box-content\"><h2 class=\"elementor-image-box-title\">\u6c7d\u8f66\u8d37\u6b3e<\/h2><\/div><\/div>\t\t\t\t<\/div>\n\t\t\t\t<\/div>\n\t\t\t\t\t<\/div>\n\t\t<\/div>\n\t\t\t\t<div class=\"elementor-column elementor-col-25 elementor-inner-column elementor-element elementor-element-6a97539\" data-id=\"6a97539\" data-element_type=\"column\" data-e-type=\"column\">\n\t\t\t<div class=\"elementor-widget-wrap elementor-element-populated\">\n\t\t\t\t\t\t<div class=\"elementor-element elementor-element-fcd368b elementor-position-top elementor-widget elementor-widget-image-box\" data-id=\"fcd368b\" data-element_type=\"widget\" data-e-type=\"widget\" data-widget_type=\"image-box.default\">\n\t\t\t\t<div class=\"elementor-widget-container\">\n\t\t\t\t\t<div class=\"elementor-image-box-wrapper\"><figure class=\"elementor-image-box-img\"><img data-opt-id=69341010  data-opt-src=\"https:\/\/mlds21jzpupe.i.optimole.com\/cb:_1i3.33fc0\/w:auto\/h:auto\/q:mauto\/f:best\/https:\/\/auto-imp.fr\/wp-content\/uploads\/2024\/01\/assurance-auto.jpg\"  decoding=\"async\" width=\"640\" height=\"427\" src=\"data:image/svg+xml,%3Csvg%20viewBox%3D%220%200%20100%%20100%%22%20width%3D%22100%%22%20height%3D%22100%%22%20xmlns%3D%22http%3A%2F%2Fwww.w3.org%2F2000%2Fsvg%22%3E%3Crect%20width%3D%22100%%22%20height%3D%22100%%22%20fill%3D%22transparent%22%2F%3E%3C%2Fsvg%3E\" class=\"attachment-full size-full wp-image-29455\" alt=\"\" old-srcset=\"https:\/\/mlds21jzpupe.i.optimole.com\/cb:_1i3.33fc0\/w:640\/h:427\/q:mauto\/f:best\/https:\/\/auto-imp.fr\/wp-content\/uploads\/2024\/01\/assurance-auto.jpg 640w, https:\/\/mlds21jzpupe.i.optimole.com\/cb:_1i3.33fc0\/w:300\/h:200\/q:mauto\/f:best\/https:\/\/auto-imp.fr\/wp-content\/uploads\/2024\/01\/assurance-auto.jpg 300w, https:\/\/mlds21jzpupe.i.optimole.com\/cb:_1i3.33fc0\/w:18\/h:12\/q:mauto\/f:best\/dpr:2\/https:\/\/auto-imp.fr\/wp-content\/uploads\/2024\/01\/assurance-auto.jpg 18w\" \/><\/figure><div class=\"elementor-image-box-content\"><h2 class=\"elementor-image-box-title\">\u6c7d\u8f66\u4fdd\u9669<\/h2><\/div><\/div>\t\t\t\t<\/div>\n\t\t\t\t<\/div>\n\t\t\t\t\t<\/div>\n\t\t<\/div>\n\t\t\t\t<div class=\"elementor-column elementor-col-25 elementor-inner-column elementor-element elementor-element-1b907dd\" data-id=\"1b907dd\" data-element_type=\"column\" data-e-type=\"column\">\n\t\t\t<div class=\"elementor-widget-wrap elementor-element-populated\">\n\t\t\t\t\t\t<div class=\"elementor-element elementor-element-59582d8 elementor-position-top elementor-widget elementor-widget-image-box\" data-id=\"59582d8\" data-element_type=\"widget\" data-e-type=\"widget\" data-widget_type=\"image-box.default\">\n\t\t\t\t<div class=\"elementor-widget-container\">\n\t\t\t\t\t<div class=\"elementor-image-box-wrapper\"><figure class=\"elementor-image-box-img\"><img data-opt-id=308674212  data-opt-src=\"https:\/\/mlds21jzpupe.i.optimole.com\/cb:_1i3.33fc0\/w:auto\/h:auto\/q:mauto\/f:best\/https:\/\/auto-imp.fr\/wp-content\/uploads\/2024\/01\/carte-grise.jpg\"  loading=\"lazy\" decoding=\"async\" width=\"640\" height=\"427\" src=\"data:image/svg+xml,%3Csvg%20viewBox%3D%220%200%20100%%20100%%22%20width%3D%22100%%22%20height%3D%22100%%22%20xmlns%3D%22http%3A%2F%2Fwww.w3.org%2F2000%2Fsvg%22%3E%3Crect%20width%3D%22100%%22%20height%3D%22100%%22%20fill%3D%22transparent%22%2F%3E%3C%2Fsvg%3E\" class=\"attachment-full size-full wp-image-29456\" alt=\"\" old-srcset=\"https:\/\/mlds21jzpupe.i.optimole.com\/cb:_1i3.33fc0\/w:640\/h:427\/q:mauto\/f:best\/https:\/\/auto-imp.fr\/wp-content\/uploads\/2024\/01\/carte-grise.jpg 640w, https:\/\/mlds21jzpupe.i.optimole.com\/cb:_1i3.33fc0\/w:300\/h:200\/q:mauto\/f:best\/https:\/\/auto-imp.fr\/wp-content\/uploads\/2024\/01\/carte-grise.jpg 300w, https:\/\/mlds21jzpupe.i.optimole.com\/cb:_1i3.33fc0\/w:18\/h:12\/q:mauto\/f:best\/dpr:2\/https:\/\/auto-imp.fr\/wp-content\/uploads\/2024\/01\/carte-grise.jpg 18w\" \/><\/figure><div class=\"elementor-image-box-content\"><h2 class=\"elementor-image-box-title\">\u7070\u5361\u670d\u52a1<\/h2><\/div><\/div>\t\t\t\t<\/div>\n\t\t\t\t<\/div>\n\t\t\t\t\t<\/div>\n\t\t<\/div>\n\t\t\t\t\t<\/div>\n\t\t<\/section>\n\t\t\t\t<div class=\"elementor-element elementor-element-b2d578b elementor-align-center elementor-widget elementor-widget-button\" data-id=\"b2d578b\" data-element_type=\"widget\" data-e-type=\"widget\" data-widget_type=\"button.default\">\n\t\t\t\t<div class=\"elementor-widget-container\">\n\t\t\t\t\t\t\t\t\t<div class=\"elementor-button-wrapper\">\n\t\t\t\t\t<a class=\"elementor-button elementor-button-link elementor-size-sm\" href=\"https:\/\/auto-imp.fr\/zh\/contact\/\">\n\t\t\t\t\t\t<span class=\"elementor-button-content-wrapper\">\n\t\t\t\t\t\t\t\t\t<span class=\"elementor-button-text\">\u66f4\u591a\u4fe1\u606f\u8bf7\u8054\u7cfb\u6211\u4eec<\/span>\n\t\t\t\t\t<\/span>\n\t\t\t\t\t<\/a>\n\t\t\t\t<\/div>\n\t\t\t\t\t\t\t\t<\/div>\n\t\t\t\t<\/div>\n\t\t\t\t\t<\/div>\n\t\t<\/div>\n\t\t\t\t\t<\/div>\n\t\t<\/section>\n\t\t\t\t<\/div>","protected":false},"excerpt":{"rendered":"<p>AUTO IMP&nbsp;Services Nous intervenons dans de nombreux domaines li\u00e9s \u00e0 la vente de v\u00e9hicule : Vente de voitures Cr\u00e9dit auto Assurance auto Carte grise Contactez-nous pour en savoir plus<\/p>","protected":false},"author":3,"featured_media":0,"parent":0,"menu_order":0,"comment_status":"closed","ping_status":"closed","template":"vc-page.php","meta":{"footnotes":""},"class_list":["post-79","page","type-page","status-publish","hentry"],"_links":{"self":[{"href":"https:\/\/auto-imp.fr\/zh\/wp-json\/wp\/v2\/pages\/79","targetHints":{"allow":["GET"]}}],"collection":[{"href":"https:\/\/auto-imp.fr\/zh\/wp-json\/wp\/v2\/pages"}],"about":[{"href":"https:\/\/auto-imp.fr\/zh\/wp-json\/wp\/v2\/types\/page"}],"author":[{"embeddable":true,"href":"https:\/\/auto-imp.fr\/zh\/wp-json\/wp\/v2\/users\/3"}],"replies":[{"embeddable":true,"href":"https:\/\/auto-imp.fr\/zh\/wp-json\/wp\/v2\/comments?post=79"}],"version-history":[{"count":18,"href":"https:\/\/auto-imp.fr\/zh\/wp-json\/wp\/v2\/pages\/79\/revisions"}],"predecessor-version":[{"id":29777,"href":"https:\/\/auto-imp.fr\/zh\/wp-json\/wp\/v2\/pages\/79\/revisions\/29777"}],"wp:attachment":[{"href":"https:\/\/auto-imp.fr\/zh\/wp-json\/wp\/v2\/media?parent=79"}],"curies":[{"name":"wp","href":"https:\/\/api.w.org\/{rel}","templated":true}]}}