{"id":38,"date":"2016-12-27T12:41:48","date_gmt":"2016-12-27T12:41:48","guid":{"rendered":"http:\/\/themes.webmasterdriver.net\/carforyouwp\/?page_id=38"},"modified":"2024-01-31T18:44:08","modified_gmt":"2024-01-31T17:44:08","slug":"societe","status":"publish","type":"page","link":"https:\/\/auto-imp.fr\/zh\/societe\/","title":{"rendered":"\u516c\u53f8\u4fe1\u606f"},"content":{"rendered":"<div data-elementor-type=\"wp-page\" data-elementor-id=\"38\" class=\"elementor elementor-38\" data-elementor-settings=\"{&quot;ha_cmc_init_switcher&quot;:&quot;no&quot;}\">\n\t\t\t\t\t\t<section class=\"elementor-section elementor-top-section elementor-element elementor-element-e9ed40e elementor-section-full_width elementor-section-stretched elementor-section-height-default elementor-section-height-default\" data-id=\"e9ed40e\" data-element_type=\"section\" data-e-type=\"section\" id=\"AboutCompany\" data-settings=\"{&quot;stretch_section&quot;:&quot;section-stretched&quot;,&quot;_ha_eqh_enable&quot;:false}\">\n\t\t\t\t\t\t<div class=\"elementor-container elementor-column-gap-default\">\n\t\t\t\t\t<div class=\"elementor-column elementor-col-100 elementor-top-column elementor-element elementor-element-76ec902\" data-id=\"76ec902\" data-element_type=\"column\" data-e-type=\"column\">\n\t\t\t<div class=\"elementor-widget-wrap elementor-element-populated\">\n\t\t\t\t\t\t<section class=\"elementor-section elementor-inner-section elementor-element elementor-element-f5b244d elementor-section-boxed elementor-section-height-default elementor-section-height-default\" data-id=\"f5b244d\" data-element_type=\"section\" data-e-type=\"section\" data-settings=\"{&quot;_ha_eqh_enable&quot;:false}\">\n\t\t\t\t\t\t<div class=\"elementor-container elementor-column-gap-default\">\n\t\t\t\t\t<div class=\"elementor-column elementor-col-100 elementor-inner-column elementor-element elementor-element-36e0796\" data-id=\"36e0796\" data-element_type=\"column\" data-e-type=\"column\">\n\t\t\t<div class=\"elementor-widget-wrap elementor-element-populated\">\n\t\t\t\t\t\t<div class=\"elementor-element elementor-element-055413c elementor-widget elementor-widget-text-editor\" data-id=\"055413c\" data-element_type=\"widget\" data-e-type=\"widget\" data-widget_type=\"text-editor.default\">\n\t\t\t\t<div class=\"elementor-widget-container\">\n\t\t\t\t\t\t\t\t\t<h2 style=\"text-align: center;\">\u6b22\u8fce <span style=\"color: #111;\">\u6765\u5230\u534e\u80fd\u8f66\u884c<\/span><\/h2>\t\t\t\t\t\t\t\t<\/div>\n\t\t\t\t<\/div>\n\t\t\t\t<div class=\"elementor-element elementor-element-09641b8 section-header elementor-widget elementor-widget-text-editor\" data-id=\"09641b8\" data-element_type=\"widget\" data-e-type=\"widget\" data-widget_type=\"text-editor.default\">\n\t\t\t\t<div class=\"elementor-widget-container\">\n\t\t\t\t\t\t\t\t\t<p style=\"text-align: center;\">\u6cd5\u56fd\u534e\u4eba\u8f66\u884c\uff0c\n\u6c7d\u8f66\u4e70\u5356\uff0c\n\u8d37\u6b3e\uff0c \n\u7070\u5361   \n\u4e00\u6761\u9f99\u670d\u52a1<\/p>\t\t\t\t\t\t\t\t<\/div>\n\t\t\t\t<\/div>\n\t\t\t\t\t<\/div>\n\t\t<\/div>\n\t\t\t\t\t<\/div>\n\t\t<\/section>\n\t\t\t\t<section class=\"elementor-section elementor-inner-section elementor-element elementor-element-627a613 elementor-section-boxed elementor-section-height-default elementor-section-height-default\" data-id=\"627a613\" data-element_type=\"section\" data-e-type=\"section\" data-settings=\"{&quot;_ha_eqh_enable&quot;:false}\">\n\t\t\t\t\t\t<div class=\"elementor-container elementor-column-gap-default\">\n\t\t\t\t\t<div class=\"elementor-column elementor-col-50 elementor-inner-column elementor-element elementor-element-cf59390 about_content\" data-id=\"cf59390\" data-element_type=\"column\" data-e-type=\"column\">\n\t\t\t<div class=\"elementor-widget-wrap elementor-element-populated\">\n\t\t\t\t\t\t<div class=\"elementor-element elementor-element-75226fa curricle_image_m elementor-widget elementor-widget-image\" data-id=\"75226fa\" data-element_type=\"widget\" data-e-type=\"widget\" data-widget_type=\"image.default\">\n\t\t\t\t<div class=\"elementor-widget-container\">\n\t\t\t\t\t\t\t\t\t\t\t\t\t\t\t<img data-opt-id=1492564131  fetchpriority=\"high\" decoding=\"async\" width=\"150\" height=\"150\" src=\"https:\/\/mlds21jzpupe.i.optimole.com\/cb:_1i3.33fc0\/w:150\/h:150\/q:mauto\/rt:fill\/g:ce\/f:best\/https:\/\/auto-imp.fr\/wp-content\/uploads\/2016\/12\/about_us_img1.jpg\" class=\"attachment-thumbnail size-thumbnail wp-image-765\" alt=\"\" srcset=\"https:\/\/mlds21jzpupe.i.optimole.com\/cb:_1i3.33fc0\/w:220\/h:220\/q:mauto\/rt:fill\/g:ce\/f:best\/https:\/\/auto-imp.fr\/wp-content\/uploads\/2016\/12\/about_us_img1.jpg 220w, https:\/\/mlds21jzpupe.i.optimole.com\/cb:_1i3.33fc0\/w:150\/h:150\/q:mauto\/rt:fill\/g:ce\/f:best\/https:\/\/auto-imp.fr\/wp-content\/uploads\/2016\/12\/about_us_img1.jpg 150w, https:\/\/mlds21jzpupe.i.optimole.com\/cb:_1i3.33fc0\/w:12\/h:12\/q:mauto\/rt:fill\/g:ce\/f:best\/dpr:2\/https:\/\/auto-imp.fr\/wp-content\/uploads\/2016\/12\/about_us_img1.jpg 12w\" sizes=\"(max-width: 150px) 100vw, 150px\" \/>\t\t\t\t\t\t\t\t\t\t\t\t\t\t\t<\/div>\n\t\t\t\t<\/div>\n\t\t\t\t<div class=\"elementor-element elementor-element-5ed9463 abt_content_m elementor-widget elementor-widget-text-editor\" data-id=\"5ed9463\" data-element_type=\"widget\" data-e-type=\"widget\" data-widget_type=\"text-editor.default\">\n\t\t\t\t<div class=\"elementor-widget-container\">\n\t\t\t\t\t\t\t\t\t<h3>\u5173\u4e8e <span style=\"font-weight: 300;\">\u6211\u4eec<\/span><\/h3><p>Nous sommes un mandataire auto pour les voitures neuves et occasions.<\/p>\t\t\t\t\t\t\t\t<\/div>\n\t\t\t\t<\/div>\n\t\t\t\t\t<\/div>\n\t\t<\/div>\n\t\t\t\t<div class=\"elementor-column elementor-col-50 elementor-inner-column elementor-element elementor-element-fee1cf3 about_content\" data-id=\"fee1cf3\" data-element_type=\"column\" data-e-type=\"column\">\n\t\t\t<div class=\"elementor-widget-wrap elementor-element-populated\">\n\t\t\t\t\t\t<div class=\"elementor-element elementor-element-e58b0e6 curricle_image_m elementor-widget elementor-widget-image\" data-id=\"e58b0e6\" data-element_type=\"widget\" data-e-type=\"widget\" data-widget_type=\"image.default\">\n\t\t\t\t<div class=\"elementor-widget-container\">\n\t\t\t\t\t\t\t\t\t\t\t\t\t\t\t<img data-opt-id=1347872482  fetchpriority=\"high\" decoding=\"async\" width=\"150\" height=\"150\" src=\"https:\/\/mlds21jzpupe.i.optimole.com\/cb:_1i3.33fc0\/w:150\/h:150\/q:mauto\/rt:fill\/g:ce\/f:best\/https:\/\/auto-imp.fr\/wp-content\/uploads\/2016\/12\/about_us_img2.jpg\" class=\"attachment-thumbnail size-thumbnail wp-image-782\" alt=\"\" srcset=\"https:\/\/mlds21jzpupe.i.optimole.com\/cb:_1i3.33fc0\/w:220\/h:220\/q:mauto\/rt:fill\/g:ce\/f:best\/https:\/\/auto-imp.fr\/wp-content\/uploads\/2016\/12\/about_us_img2.jpg 220w, https:\/\/mlds21jzpupe.i.optimole.com\/cb:_1i3.33fc0\/w:150\/h:150\/q:mauto\/rt:fill\/g:ce\/f:best\/https:\/\/auto-imp.fr\/wp-content\/uploads\/2016\/12\/about_us_img2.jpg 150w, https:\/\/mlds21jzpupe.i.optimole.com\/cb:_1i3.33fc0\/w:12\/h:12\/q:mauto\/rt:fill\/g:ce\/f:best\/dpr:2\/https:\/\/auto-imp.fr\/wp-content\/uploads\/2016\/12\/about_us_img2.jpg 12w\" sizes=\"(max-width: 150px) 100vw, 150px\" \/>\t\t\t\t\t\t\t\t\t\t\t\t\t\t\t<\/div>\n\t\t\t\t<\/div>\n\t\t\t\t<div class=\"elementor-element elementor-element-7c88ddc abt_content_m elementor-widget elementor-widget-text-editor\" data-id=\"7c88ddc\" data-element_type=\"widget\" data-e-type=\"widget\" data-widget_type=\"text-editor.default\">\n\t\t\t\t<div class=\"elementor-widget-container\">\n\t\t\t\t\t\t\t\t\t<h3>Notre <span style=\"font-weight: 300;\">Mission<\/span><\/h3>\n<p>Vendre des v\u00e9hicules \u00e0 prix jusqu\u2019\u00e0 45% de remise.<\/p>\t\t\t\t\t\t\t\t<\/div>\n\t\t\t\t<\/div>\n\t\t\t\t\t<\/div>\n\t\t<\/div>\n\t\t\t\t\t<\/div>\n\t\t<\/section>\n\t\t\t\t<section class=\"elementor-section elementor-inner-section elementor-element elementor-element-8626411 elementor-section-boxed elementor-section-height-default elementor-section-height-default\" data-id=\"8626411\" data-element_type=\"section\" data-e-type=\"section\" data-settings=\"{&quot;_ha_eqh_enable&quot;:false}\">\n\t\t\t\t\t\t<div class=\"elementor-container elementor-column-gap-default\">\n\t\t\t\t\t<div class=\"elementor-column elementor-col-50 elementor-inner-column elementor-element elementor-element-3d60e22 about_content\" data-id=\"3d60e22\" data-element_type=\"column\" data-e-type=\"column\">\n\t\t\t<div class=\"elementor-widget-wrap elementor-element-populated\">\n\t\t\t\t\t\t<div class=\"elementor-element elementor-element-698ff00 curricle_image_m elementor-widget elementor-widget-image\" data-id=\"698ff00\" data-element_type=\"widget\" data-e-type=\"widget\" data-widget_type=\"image.default\">\n\t\t\t\t<div class=\"elementor-widget-container\">\n\t\t\t\t\t\t\t\t\t\t\t\t\t\t\t<img data-opt-id=1308826591  data-opt-src=\"https:\/\/mlds21jzpupe.i.optimole.com\/cb:_1i3.33fc0\/w:150\/h:150\/q:mauto\/rt:fill\/g:ce\/f:best\/https:\/\/auto-imp.fr\/wp-content\/uploads\/2016\/12\/about_us_img3.jpg\"  decoding=\"async\" width=\"150\" height=\"150\" src=\"data:image/svg+xml,%3Csvg%20viewBox%3D%220%200%20150%20150%22%20width%3D%22150%22%20height%3D%22150%22%20xmlns%3D%22http%3A%2F%2Fwww.w3.org%2F2000%2Fsvg%22%3E%3Crect%20width%3D%22150%22%20height%3D%22150%22%20fill%3D%22transparent%22%2F%3E%3C%2Fsvg%3E\" class=\"attachment-thumbnail size-thumbnail wp-image-783\" alt=\"\" old-srcset=\"https:\/\/mlds21jzpupe.i.optimole.com\/cb:_1i3.33fc0\/w:228\/h:228\/q:mauto\/rt:fill\/g:ce\/f:best\/https:\/\/auto-imp.fr\/wp-content\/uploads\/2016\/12\/about_us_img3.jpg 228w, https:\/\/mlds21jzpupe.i.optimole.com\/cb:_1i3.33fc0\/w:150\/h:150\/q:mauto\/rt:fill\/g:ce\/f:best\/https:\/\/auto-imp.fr\/wp-content\/uploads\/2016\/12\/about_us_img3.jpg 150w, https:\/\/mlds21jzpupe.i.optimole.com\/cb:_1i3.33fc0\/w:12\/h:12\/q:mauto\/rt:fill\/g:ce\/f:best\/dpr:2\/https:\/\/auto-imp.fr\/wp-content\/uploads\/2016\/12\/about_us_img3.jpg 12w\" \/>\t\t\t\t\t\t\t\t\t\t\t\t\t\t\t<\/div>\n\t\t\t\t<\/div>\n\t\t\t\t<div class=\"elementor-element elementor-element-1b235a9 abt_content_m elementor-widget elementor-widget-text-editor\" data-id=\"1b235a9\" data-element_type=\"widget\" data-e-type=\"widget\" data-widget_type=\"text-editor.default\">\n\t\t\t\t<div class=\"elementor-widget-container\">\n\t\t\t\t\t\t\t\t\t<h3>Notre <span style=\"font-weight: 300;\">sp\u00e9cialit\u00e9<\/span><\/h3><p>Trouver la voiture dont vous avez toujours r\u00eav\u00e9.<\/p>\t\t\t\t\t\t\t\t<\/div>\n\t\t\t\t<\/div>\n\t\t\t\t\t<\/div>\n\t\t<\/div>\n\t\t\t\t<div class=\"elementor-column elementor-col-50 elementor-inner-column elementor-element elementor-element-f1f683f about_content\" data-id=\"f1f683f\" data-element_type=\"column\" data-e-type=\"column\">\n\t\t\t<div class=\"elementor-widget-wrap elementor-element-populated\">\n\t\t\t\t\t\t<div class=\"elementor-element elementor-element-a48bcc2 curricle_image_m elementor-widget elementor-widget-image\" data-id=\"a48bcc2\" data-element_type=\"widget\" data-e-type=\"widget\" data-widget_type=\"image.default\">\n\t\t\t\t<div class=\"elementor-widget-container\">\n\t\t\t\t\t\t\t\t\t\t\t\t\t\t\t<img data-opt-id=760764262  data-opt-src=\"https:\/\/mlds21jzpupe.i.optimole.com\/cb:_1i3.33fc0\/w:150\/h:150\/q:mauto\/rt:fill\/g:ce\/f:best\/https:\/\/auto-imp.fr\/wp-content\/uploads\/2016\/12\/about_us_img4.jpg\"  loading=\"lazy\" decoding=\"async\" width=\"150\" height=\"150\" src=\"data:image/svg+xml,%3Csvg%20viewBox%3D%220%200%20150%20150%22%20width%3D%22150%22%20height%3D%22150%22%20xmlns%3D%22http%3A%2F%2Fwww.w3.org%2F2000%2Fsvg%22%3E%3Crect%20width%3D%22150%22%20height%3D%22150%22%20fill%3D%22transparent%22%2F%3E%3C%2Fsvg%3E\" class=\"attachment-thumbnail size-thumbnail wp-image-784\" alt=\"\" old-srcset=\"https:\/\/mlds21jzpupe.i.optimole.com\/cb:_1i3.33fc0\/w:228\/h:228\/q:mauto\/rt:fill\/g:ce\/f:best\/https:\/\/auto-imp.fr\/wp-content\/uploads\/2016\/12\/about_us_img4.jpg 228w, https:\/\/mlds21jzpupe.i.optimole.com\/cb:_1i3.33fc0\/w:150\/h:150\/q:mauto\/rt:fill\/g:ce\/f:best\/https:\/\/auto-imp.fr\/wp-content\/uploads\/2016\/12\/about_us_img4.jpg 150w, https:\/\/mlds21jzpupe.i.optimole.com\/cb:_1i3.33fc0\/w:12\/h:12\/q:mauto\/rt:fill\/g:ce\/f:best\/dpr:2\/https:\/\/auto-imp.fr\/wp-content\/uploads\/2016\/12\/about_us_img4.jpg 12w\" \/>\t\t\t\t\t\t\t\t\t\t\t\t\t\t\t<\/div>\n\t\t\t\t<\/div>\n\t\t\t\t<div class=\"elementor-element elementor-element-995d48c abt_content_m elementor-widget elementor-widget-text-editor\" data-id=\"995d48c\" data-element_type=\"widget\" data-e-type=\"widget\" data-widget_type=\"text-editor.default\">\n\t\t\t\t<div class=\"elementor-widget-container\">\n\t\t\t\t\t\t\t\t\t<h3>Paiement <span style=\"font-weight: 300;\">S\u00e9curis\u00e9<\/span><\/h3><p>Meilleur moyen de s\u00e9curiser votre achat et de ne pas d\u00e9couvrir apr\u00e8s livraison que votre voiture d\u2019occasion fonctionne moins bien<\/p>\t\t\t\t\t\t\t\t<\/div>\n\t\t\t\t<\/div>\n\t\t\t\t\t<\/div>\n\t\t<\/div>\n\t\t\t\t\t<\/div>\n\t\t<\/section>\n\t\t\t\t\t<\/div>\n\t\t<\/div>\n\t\t\t\t\t<\/div>\n\t\t<\/section>\n\t\t\t\t<section class=\"elementor-section elementor-top-section elementor-element elementor-element-a6b5bbf elementor-section-full_width elementor-section-stretched elementor-section-height-default elementor-section-height-default\" data-id=\"a6b5bbf\" data-element_type=\"section\" data-e-type=\"section\" id=\"Whychoose\" data-settings=\"{&quot;stretch_section&quot;:&quot;section-stretched&quot;,&quot;background_background&quot;:&quot;classic&quot;,&quot;_ha_eqh_enable&quot;:false}\">\n\t\t\t\t\t\t<div class=\"elementor-container elementor-column-gap-default\">\n\t\t\t\t\t<div class=\"elementor-column elementor-col-100 elementor-top-column elementor-element elementor-element-ec7ff42\" data-id=\"ec7ff42\" data-element_type=\"column\" data-e-type=\"column\">\n\t\t\t<div class=\"elementor-widget-wrap elementor-element-populated\">\n\t\t\t\t\t\t<section class=\"elementor-section elementor-inner-section elementor-element elementor-element-995ef3a section-header elementor-section-boxed elementor-section-height-default elementor-section-height-default\" data-id=\"995ef3a\" data-element_type=\"section\" data-e-type=\"section\" data-settings=\"{&quot;_ha_eqh_enable&quot;:false}\">\n\t\t\t\t\t\t<div class=\"elementor-container elementor-column-gap-default\">\n\t\t\t\t\t<div class=\"elementor-column elementor-col-100 elementor-inner-column elementor-element elementor-element-09c522f\" data-id=\"09c522f\" data-element_type=\"column\" data-e-type=\"column\">\n\t\t\t<div class=\"elementor-widget-wrap elementor-element-populated\">\n\t\t\t\t\t\t<div class=\"elementor-element elementor-element-343e1c5 elementor-widget elementor-widget-text-editor\" data-id=\"343e1c5\" data-element_type=\"widget\" data-e-type=\"widget\" data-widget_type=\"text-editor.default\">\n\t\t\t\t<div class=\"elementor-widget-container\">\n\t\t\t\t\t\t\t\t\t<h2 style=\"text-align: center;\">\u4e3a\u4ec0\u4e48 <span style=\"color: #111;\">\u9009\u62e9\u6211\u4eec<br \/><\/span><\/h2>\t\t\t\t\t\t\t\t<\/div>\n\t\t\t\t<\/div>\n\t\t\t\t<div class=\"elementor-element elementor-element-a32be36 elementor-widget elementor-widget-text-editor\" data-id=\"a32be36\" data-element_type=\"widget\" data-e-type=\"widget\" data-widget_type=\"text-editor.default\">\n\t\t\t\t<div class=\"elementor-widget-container\">\n\t\t\t\t\t\t\t\t\t<p>Nous sommes une agence de mandataire auto qui g\u00e8re vos recherches de voiture ou d\u2019utilitaire dans les pays europ\u00e9ens. En d\u2019autres termes, tout ce que vous avez \u00e0 faire est de nous faire confiance pour recevoir sous peu votre voiture neuve ou d\u2019occasion chez vous.<\/p><p>Trouvez la voiture inesp\u00e9r\u00e9e chez nous !<\/p><p>Que vous recherchiez un v\u00e9hicule moins cher, mieux \u00e9quip\u00e9 ou introuvable en France, nous sommes un mandataire auto en mesure de r\u00e9pondre \u00e0 tous vos d\u00e9sirs. Nos recherches s\u2019\u00e9tendent sur une bonne partie du territoire europ\u00e9en (principalement en Allemagne, Autriche, Belgique, Pays-Bas, Danemark et Luxembourg), et nous ne vous proposerons que les meilleures offres du march\u00e9.<\/p>\t\t\t\t\t\t\t\t<\/div>\n\t\t\t\t<\/div>\n\t\t\t\t\t<\/div>\n\t\t<\/div>\n\t\t\t\t\t<\/div>\n\t\t<\/section>\n\t\t\t\t\t<\/div>\n\t\t<\/div>\n\t\t\t\t\t<\/div>\n\t\t<\/section>\n\t\t\t\t<section class=\"elementor-section elementor-top-section elementor-element elementor-element-c5e7821 elementor-section-full_width elementor-section-stretched dark_mask fun-facts-section elementor-section-height-default elementor-section-height-default\" data-id=\"c5e7821\" data-element_type=\"section\" data-e-type=\"section\" data-settings=\"{&quot;stretch_section&quot;:&quot;section-stretched&quot;,&quot;background_background&quot;:&quot;classic&quot;,&quot;_ha_eqh_enable&quot;:false}\">\n\t\t\t\t\t\t<div class=\"elementor-container elementor-column-gap-default\">\n\t\t\t\t\t<div class=\"elementor-column elementor-col-100 elementor-top-column elementor-element elementor-element-6fbeb9a\" data-id=\"6fbeb9a\" data-element_type=\"column\" data-e-type=\"column\">\n\t\t\t<div class=\"elementor-widget-wrap elementor-element-populated\">\n\t\t\t\t\t\t<section class=\"elementor-section elementor-inner-section elementor-element elementor-element-47fccac elementor-section-boxed elementor-section-height-default elementor-section-height-default\" data-id=\"47fccac\" data-element_type=\"section\" data-e-type=\"section\" data-settings=\"{&quot;_ha_eqh_enable&quot;:false}\">\n\t\t\t\t\t\t<div class=\"elementor-container elementor-column-gap-default\">\n\t\t\t\t\t<div class=\"elementor-column elementor-col-25 elementor-inner-column elementor-element elementor-element-2bdaa88 fun-facts-m\" data-id=\"2bdaa88\" data-element_type=\"column\" data-e-type=\"column\">\n\t\t\t<div class=\"elementor-widget-wrap elementor-element-populated\">\n\t\t\t\t\t\t<div class=\"elementor-element elementor-element-e95beb1 elementor-view-default elementor-widget elementor-widget-icon\" data-id=\"e95beb1\" data-element_type=\"widget\" data-e-type=\"widget\" data-widget_type=\"icon.default\">\n\t\t\t\t<div class=\"elementor-widget-container\">\n\t\t\t\t\t\t\t<div class=\"elementor-icon-wrapper\">\n\t\t\t<div class=\"elementor-icon\">\n\t\t\t<i aria-hidden=\"true\" class=\"far fa-calendar-alt\"><\/i>\t\t\t<\/div>\n\t\t<\/div>\n\t\t\t\t\t\t<\/div>\n\t\t\t\t<\/div>\n\t\t\t\t<div class=\"elementor-element elementor-element-ea95825 elementor-widget elementor-widget-text-editor\" data-id=\"ea95825\" data-element_type=\"widget\" data-e-type=\"widget\" data-widget_type=\"text-editor.default\">\n\t\t\t\t<div class=\"elementor-widget-container\">\n\t\t\t\t\t\t\t\t\t<h2 style=\"text-align: center;\"><span class=\"counter\">10<\/span>+<\/h2><p style=\"text-align: center;\">Ans d&#8217;activit\u00e9<\/p>\t\t\t\t\t\t\t\t<\/div>\n\t\t\t\t<\/div>\n\t\t\t\t\t<\/div>\n\t\t<\/div>\n\t\t\t\t<div class=\"elementor-column elementor-col-25 elementor-inner-column elementor-element elementor-element-7d46691 fun-facts-m\" data-id=\"7d46691\" data-element_type=\"column\" data-e-type=\"column\">\n\t\t\t<div class=\"elementor-widget-wrap elementor-element-populated\">\n\t\t\t\t\t\t<div class=\"elementor-element elementor-element-8dbb670 elementor-view-default elementor-widget elementor-widget-icon\" data-id=\"8dbb670\" data-element_type=\"widget\" data-e-type=\"widget\" data-widget_type=\"icon.default\">\n\t\t\t\t<div class=\"elementor-widget-container\">\n\t\t\t\t\t\t\t<div class=\"elementor-icon-wrapper\">\n\t\t\t<div class=\"elementor-icon\">\n\t\t\t<i aria-hidden=\"true\" class=\"fas fa-car\"><\/i>\t\t\t<\/div>\n\t\t<\/div>\n\t\t\t\t\t\t<\/div>\n\t\t\t\t<\/div>\n\t\t\t\t<div class=\"elementor-element elementor-element-208f27a elementor-widget elementor-widget-text-editor\" data-id=\"208f27a\" data-element_type=\"widget\" data-e-type=\"widget\" data-widget_type=\"text-editor.default\">\n\t\t\t\t<div class=\"elementor-widget-container\">\n\t\t\t\t\t\t\t\t\t<h2 style=\"text-align: center;\"><span class=\"counter\">1500<\/span>+<\/h2><p style=\"text-align: center;\">Voitures neuves<\/p>\t\t\t\t\t\t\t\t<\/div>\n\t\t\t\t<\/div>\n\t\t\t\t\t<\/div>\n\t\t<\/div>\n\t\t\t\t<div class=\"elementor-column elementor-col-25 elementor-inner-column elementor-element elementor-element-6341ab0 fun-facts-m\" data-id=\"6341ab0\" data-element_type=\"column\" data-e-type=\"column\">\n\t\t\t<div class=\"elementor-widget-wrap elementor-element-populated\">\n\t\t\t\t\t\t<div class=\"elementor-element elementor-element-d52c935 elementor-view-default elementor-widget elementor-widget-icon\" data-id=\"d52c935\" data-element_type=\"widget\" data-e-type=\"widget\" data-widget_type=\"icon.default\">\n\t\t\t\t<div class=\"elementor-widget-container\">\n\t\t\t\t\t\t\t<div class=\"elementor-icon-wrapper\">\n\t\t\t<div class=\"elementor-icon\">\n\t\t\t<i aria-hidden=\"true\" class=\"fas fa-car-side\"><\/i>\t\t\t<\/div>\n\t\t<\/div>\n\t\t\t\t\t\t<\/div>\n\t\t\t\t<\/div>\n\t\t\t\t<div class=\"elementor-element elementor-element-66f5bc1 elementor-widget elementor-widget-text-editor\" data-id=\"66f5bc1\" data-element_type=\"widget\" data-e-type=\"widget\" data-widget_type=\"text-editor.default\">\n\t\t\t\t<div class=\"elementor-widget-container\">\n\t\t\t\t\t\t\t\t\t<h2 style=\"text-align: center;\"><span class=\"counter\"> 800<\/span>+<\/h2><p style=\"text-align: center;\">Voitures d&#8217;occasion<\/p>\t\t\t\t\t\t\t\t<\/div>\n\t\t\t\t<\/div>\n\t\t\t\t\t<\/div>\n\t\t<\/div>\n\t\t\t\t<div class=\"elementor-column elementor-col-25 elementor-inner-column elementor-element elementor-element-9fca1d6 fun-facts-m\" data-id=\"9fca1d6\" data-element_type=\"column\" data-e-type=\"column\">\n\t\t\t<div class=\"elementor-widget-wrap elementor-element-populated\">\n\t\t\t\t\t\t<div class=\"elementor-element elementor-element-456af8e elementor-view-default elementor-widget elementor-widget-icon\" data-id=\"456af8e\" data-element_type=\"widget\" data-e-type=\"widget\" data-widget_type=\"icon.default\">\n\t\t\t\t<div class=\"elementor-widget-container\">\n\t\t\t\t\t\t\t<div class=\"elementor-icon-wrapper\">\n\t\t\t<div class=\"elementor-icon\">\n\t\t\t<i aria-hidden=\"true\" class=\"fas fa-users\"><\/i>\t\t\t<\/div>\n\t\t<\/div>\n\t\t\t\t\t\t<\/div>\n\t\t\t\t<\/div>\n\t\t\t\t<div class=\"elementor-element elementor-element-0e9f37a elementor-widget elementor-widget-text-editor\" data-id=\"0e9f37a\" data-element_type=\"widget\" data-e-type=\"widget\" data-widget_type=\"text-editor.default\">\n\t\t\t\t<div class=\"elementor-widget-container\">\n\t\t\t\t\t\t\t\t\t<h2 style=\"text-align: center;\"><span class=\"counter\">1000<\/span>+<\/h2><p style=\"text-align: center;\">Clients satisfaits<\/p>\t\t\t\t\t\t\t\t<\/div>\n\t\t\t\t<\/div>\n\t\t\t\t\t<\/div>\n\t\t<\/div>\n\t\t\t\t\t<\/div>\n\t\t<\/section>\n\t\t\t\t\t<\/div>\n\t\t<\/div>\n\t\t\t\t\t<\/div>\n\t\t<\/section>\n\t\t\t\t<\/div>","protected":false},"excerpt":{"rendered":"<p>Bienvenue chez Auto Imp Chez AUTO IMP, nous proposons de trouver pour vous la voiture dont vous avez toujours r\u00eav\u00e9, aussi bien une voiture neuve que d\u2019occasion, sur la plupart des marques existantes \u00e0 ce jour. Qui Sommes Nous Nous sommes un mandataire auto pour les voitures neuves et occasions. Notre Mission Vendre des v\u00e9hicules [&hellip;]<\/p>\n","protected":false},"author":3,"featured_media":0,"parent":0,"menu_order":0,"comment_status":"closed","ping_status":"closed","template":"","meta":{"footnotes":""},"class_list":["post-38","page","type-page","status-publish","hentry"],"_links":{"self":[{"href":"https:\/\/auto-imp.fr\/zh\/wp-json\/wp\/v2\/pages\/38","targetHints":{"allow":["GET"]}}],"collection":[{"href":"https:\/\/auto-imp.fr\/zh\/wp-json\/wp\/v2\/pages"}],"about":[{"href":"https:\/\/auto-imp.fr\/zh\/wp-json\/wp\/v2\/types\/page"}],"author":[{"embeddable":true,"href":"https:\/\/auto-imp.fr\/zh\/wp-json\/wp\/v2\/users\/3"}],"replies":[{"embeddable":true,"href":"https:\/\/auto-imp.fr\/zh\/wp-json\/wp\/v2\/comments?post=38"}],"version-history":[{"count":14,"href":"https:\/\/auto-imp.fr\/zh\/wp-json\/wp\/v2\/pages\/38\/revisions"}],"predecessor-version":[{"id":30402,"href":"https:\/\/auto-imp.fr\/zh\/wp-json\/wp\/v2\/pages\/38\/revisions\/30402"}],"wp:attachment":[{"href":"https:\/\/auto-imp.fr\/zh\/wp-json\/wp\/v2\/media?parent=38"}],"curies":[{"name":"wp","href":"https:\/\/api.w.org\/{rel}","templated":true}]}}